{"id":12,"date":"2023-06-24T10:01:41","date_gmt":"2023-06-24T10:01:41","guid":{"rendered":"https:\/\/roserguino.com\/?page_id=12"},"modified":"2023-06-24T10:49:02","modified_gmt":"2023-06-24T10:49:02","slug":"avis-legal-roser-guino","status":"publish","type":"page","link":"https:\/\/roserguino.com\/index.php\/avis-legal-roser-guino\/","title":{"rendered":"Avis Legal Roser Guin\u00f3"},"content":{"rendered":"\t\t<div data-elementor-type=\"wp-page\" data-elementor-id=\"12\" class=\"elementor elementor-12\" data-elementor-post-type=\"page\">\n\t\t\t\t\t\t<section class=\"elementor-section elementor-top-section elementor-element elementor-element-258b1c7e elementor-section-boxed elementor-section-height-default elementor-section-height-default\" data-id=\"258b1c7e\" data-element_type=\"section\">\n\t\t\t\t\t\t<div class=\"elementor-container elementor-column-gap-default\">\n\t\t\t\t\t<div class=\"elementor-column elementor-col-100 elementor-top-column elementor-element elementor-element-55200769\" data-id=\"55200769\" data-element_type=\"column\">\n\t\t\t<div class=\"elementor-widget-wrap elementor-element-populated\">\n\t\t\t\t\t\t<div class=\"elementor-element elementor-element-25dfdc70 elementor-widget elementor-widget-text-editor\" data-id=\"25dfdc70\" data-element_type=\"widget\" data-widget_type=\"text-editor.default\">\n\t\t\t\t<div class=\"elementor-widget-container\">\n\t\t\t\t\t\t\t\t\t<h2><b>Avis Legal Roser Guin\u00f3<\/b><\/h2><p><strong>Actualitzat l&#8217;abril del 2023<\/strong><\/p><p><span style=\"font-weight: 400;\">En compliment amb el deure d&#8217;informaci\u00f3 recollit a l&#8217;article 10 de la Llei 34\/2002, d&#8217;11 de Juliol, de Serveis de la Informaci\u00f3 i del Comer\u00e7 Electr\u00f2nic, l&#8217;informem que el lloc web i els portals d&#8217;Internet <\/span><a title=\"Roser Guin\u00f3 disseny d\u2019espais\" href=\"https:\/\/roserguino.com\/index.php\/roser-guino-disseny-despais\/\" target=\"_blank\" rel=\"noopener\"><span style=\"font-weight: 400;\">https:\/\/roserguino.com\/<\/span><\/a><span style=\"font-weight: 400;\"> (en endavant, el lloc &#8220;Web&#8221;) \u00e9s titularitat de <\/span><span style=\"font-weight: 400;\">ROSER GUIN\u00d3 OLMO <\/span><span style=\"font-weight: 400;\">(en endavant ROSER GUIN\u00d3), amb domicili social al Placeta Sant Joan, 23 &#8211; 17220 &#8211; Sant Feliu de Gu\u00edxols (Girona), amb DNI: 40526343K.<\/span><\/p><h3><b>Comunicacions<\/b><\/h3><p><span style=\"font-weight: 400;\">Tel\u00e8fon:<\/span> <span style=\"font-weight: 400;\">+34 696 285 579<\/span><\/p><p><span style=\"font-weight: 400;\">e-mail:<\/span> <a href=\"mailto:info@roserguino.com\"><span style=\"font-weight: 400;\">info@roserguino.com<\/span><\/a><\/p><p><span style=\"font-weight: 400;\">El present av\u00eds legal regula les condicions d&#8217;\u00fas del citat portal d&#8217;Internet.<\/span><\/p><h3><b>Llei aplicable i jurisdicci\u00f3<\/b><\/h3><p><span style=\"font-weight: 400;\">Amb car\u00e0cter general les relacions entre ROSER GUIN\u00d3 i els usuaris dels serveis telem\u00e0tics, presents a la Web, es troben sotmeses a la legislaci\u00f3 i jurisdicci\u00f3 espanyoles.<\/span><\/p><p><span style=\"font-weight: 400;\">Les parts renuncien expressament al fur que els pugui correspondre i sotmeten expressament als Jutjats i Tribunals de Sant Feliu de Gu\u00edxols (Girona) per resoldre qualsevol controv\u00e8rsia que pugui sorgir en la interpretaci\u00f3 o execuci\u00f3 de les presents condicions contractuals.<\/span><\/p><h3><b>Acceptaci\u00f3 de l&#8217;usuari<\/b><\/h3><p><span style=\"font-weight: 400;\">Aquest Av\u00eds Legal regula l&#8217;acc\u00e9s i utilitzaci\u00f3 del lloc web que ROSER GUIN\u00d3 posa a la disposici\u00f3 dels usuaris d&#8217;Internet. Es considera usuari a la persona que accedeixi, navegui, utilitzi o participi en els serveis i activitats del lloc web.<\/span><\/p><p><span style=\"font-weight: 400;\">L&#8217;usuari queda informat, i accepta, que l&#8217;acc\u00e9s al present lloc web no suposa, de cap manera, l&#8217;inici d&#8217;una relaci\u00f3 comercial amb ROSER GUIN\u00d3.<\/span><\/p><p><span style=\"font-weight: 400;\">L&#8217;acc\u00e9s i navegaci\u00f3 pel lloc web per part de l&#8217;usuari suposa l&#8217;acceptaci\u00f3 de la totalitat de les presents Condicions d&#8217;\u00das. En cas de desacord amb les condicions ha d&#8217;abstenir-se de usar el lloc web.<\/span><\/p><h3><b>Acc\u00e9s al lloc web<\/b><\/h3><p><span style=\"font-weight: 400;\">L&#8217;acc\u00e9s al lloc web per part dels usuaris \u00e9s de car\u00e0cter lliure i gratu\u00eft. Alguns serveis poden trobar-se subjectes a contractaci\u00f3 pr\u00e8via del servei.<\/span><\/p><p><span style=\"font-weight: 400;\">En cas de ser necessari que l&#8217;usuari aporti dades personals per accedir a algun dels serveis, la recollida i el tractament de les dades es realitzar\u00e0 de conformitat amb la normativa vigent, en concret amb el RGPD. Per m\u00e9s informaci\u00f3, consulti la nostra <a title=\"Pol\u00edtica de Privacitat Roser Guin\u00f3\" href=\"https:\/\/roserguino.com\/index.php\/politica-privacitat-roser-guino\/\" target=\"_blank\" rel=\"noopener\">pol\u00edtica de <\/a><\/span><span style=\"font-weight: 400;\">privacitat.<\/span><\/p><h3><b>Contingut i \u00fas<\/b><\/h3><p><span style=\"font-weight: 400;\">La visita al lloc web per part de l&#8217;usuari s\u2019haur\u00e0 de fer de forma responsable i de conformitat a la legalitat vigent, la bona fe, el present Av\u00eds Legal i respectant els drets de propietat intel\u00b7lectual i industrial de titularitat de ROSER GUIN\u00d3 o qualsevol altres persones f\u00edsiques o jur\u00eddiques.<\/span><\/p><p><span style=\"font-weight: 400;\">L&#8217;\u00fas de qualsevol dels continguts del lloc web amb finalitats que siguin o poguessin ser il\u00b7l\u00edcites queda totalment prohibit, aix\u00ed com la realitzaci\u00f3 de qualsevol acci\u00f3 que causi o pugui causar danys o alteracions de qualsevol mena no consentides per ROSER GUIN\u00d3, al lloc web o als seus continguts.<\/span><\/p><p><span style=\"font-weight: 400;\">El titular del lloc web no s&#8217;identifica amb les opinions abocades en el mateix pels seus col\u00b7laboradors. L&#8217;empresa es reserva el dret a efectuar sense previ av\u00eds les modificacions que consideri oportunes en la seva Web, podent canviar, suprimir o afegir tant els continguts i serveis que es presten a trav\u00e9s de la mateixa com la forma en la qual aquests apareguin presentats o localitzats en els seus servidors.<\/span><\/p><p><span style=\"font-weight: 400;\">Queda estrictament prohibit l&#8217;\u00fas de qualsevol dels continguts del lloc web amb fins il\u00b7l\u00edcits, aix\u00ed com realitzar qualsevol actuaci\u00f3 que causi o pugui ocasionar danys o alteracions de qualsevol tipus no consentit per ROSER GUIN\u00d3, el lloc web o els seus continguts.\u00a0<\/span><\/p><h3><b>Propietat intel\u00b7lectual i industrial<\/b><\/h3><p><span style=\"font-weight: 400;\">Els drets de propietat intel\u00b7lectual del contingut de les p\u00e0gines del lloc web, el seu disseny gr\u00e0fic i codis s\u00f3n titularitat de <\/span><span style=\"font-weight: 400;\">ROSER GUIN\u00d3<\/span><span style=\"font-weight: 400;\"> i, per tant, queda prohibida la seva reproducci\u00f3, distribuci\u00f3, comunicaci\u00f3 p\u00fablica, transformaci\u00f3 o qualsevol altra activitat que es realitzi amb els continguts del lloc web, encara que es citin les fonts, excepte que es compti amb el consentiment previ, expr\u00e9s i per escrit de <\/span><span style=\"font-weight: 400;\">ROSER GUIN\u00d3<\/span><span style=\"font-weight: 400;\">. Tots els noms comercials, marques o signes distintius de qualsevol classe i continguts en les p\u00e0gines web de l&#8217;empresa s\u00f3n propietat dels seus propietaris i estan protegits per llei.<\/span><\/p><p><span style=\"font-weight: 400;\">ROSER GUIN\u00d3 <\/span><span style=\"font-weight: 400;\">no concedeix cap llic\u00e8ncia o autoritzaci\u00f3 d&#8217;\u00fas de cap classe sobre els seus drets de propietat intel\u00b7lectual i industrial o sobre qualsevol altra propietat o dret relacionat amb el lloc web, i en cap cas s&#8217;entendr\u00e0 que l&#8217;acc\u00e9s i navegaci\u00f3 dels usuaris implica una ren\u00fancia, transmissi\u00f3, llic\u00e8ncia o cessi\u00f3 total ni parcial d&#8217;aquests drets per part de <\/span><span style=\"font-weight: 400;\">ROSER GUIN\u00d3<\/span><span style=\"font-weight: 400;\">.<\/span><\/p><p><span style=\"font-weight: 400;\">Qualsevol \u00fas d&#8217;aquests continguts no autoritzats pr\u00e8viament per part de <\/span><span style=\"font-weight: 400;\">ROSER GUIN\u00d3<\/span><span style=\"font-weight: 400;\"> ser\u00e0 considerat un incompliment greu dels drets de propietat intel\u00b7lectual o industrial i donar\u00e0 lloc a les responsabilitats legalment establertes. <\/span><span style=\"font-weight: 400;\">ROSER GUIN\u00d3<\/span><span style=\"font-weight: 400;\"> es reserva el dret d&#8217;exercitar enfront l&#8217;usuari les accions judicials i extrajudicials que corresponguin.<\/span><\/p><h3><b>Responsabilitat i garanties<\/b><\/h3><p><span style=\"font-weight: 400;\">ROSER GUIN\u00d3<\/span><span style=\"font-weight: 400;\"> declara que ha adoptat les mesures necess\u00e0ries que, dins de les seves possibilitats i l&#8217;estat de la tecnologia, permeten el correcte funcionament del seu lloc web aix\u00ed com l&#8217;abs\u00e8ncia de virus i components nocius. No obstant aix\u00f2,<\/span><span style=\"font-weight: 400;\"> ROSER GUIN\u00d3<\/span><span style=\"font-weight: 400;\"> no es pot fer responsable de les seg\u00fcents situacions que s&#8217;enumeren a t\u00edtol enunciatiu, per\u00f2 no limitatiu:<\/span><\/p><ul><li style=\"font-weight: 400;\" aria-level=\"1\"><span style=\"font-weight: 400;\">La continu\u00eftat i disponibilitat dels Continguts.<\/span><\/li><li style=\"font-weight: 400;\" aria-level=\"1\"><span style=\"font-weight: 400;\">L&#8217;abs\u00e8ncia d&#8217;errors en els Continguts ni la correcci\u00f3 de qualsevol defecte que pogu\u00e9s oc\u00f3rrer.<\/span><\/li><li style=\"font-weight: 400;\" aria-level=\"1\"><span style=\"font-weight: 400;\">L&#8217;abs\u00e8ncia de virus i\/o altres components nocius.<\/span><\/li><li style=\"font-weight: 400;\" aria-level=\"1\"><span style=\"font-weight: 400;\">Els danys o perjudicis que causi qualsevol persona que vulneri els sistemes de seguretat de <\/span><span style=\"font-weight: 400;\">ROSER GUIN\u00d3<\/span><span style=\"font-weight: 400;\">.<\/span><\/li><li style=\"font-weight: 400;\" aria-level=\"1\"><span style=\"font-weight: 400;\">L&#8217;\u00fas que els usuaris puguin fer dels continguts inclosos en el web. En conseq\u00fc\u00e8ncia, <\/span><span style=\"font-weight: 400;\">ROSER GUIN\u00d3<\/span><span style=\"font-weight: 400;\"> no garanteix que l&#8217;\u00fas que els usuaris puguin fer dels continguts que en el seu cas s&#8217;incloguin en el lloc web s&#8217;ajustin al present av\u00eds legal ni que l&#8217;\u00fas del lloc web es realitzi de forma diligent.<\/span><\/li><li style=\"font-weight: 400;\" aria-level=\"1\"><span style=\"font-weight: 400;\">L&#8217;\u00fas per menors d&#8217;edat del lloc web o de l&#8217;enviament de les seves dades personals sense el perm\u00eds dels seus tutors, sent els tutors responsables de l&#8217;\u00fas que facin d&#8217;Internet. Els continguts als quals l&#8217;usuari pugui accedir a trav\u00e9s d&#8217;enlla\u00e7os no autoritzats o introdu\u00efts per usuaris mitjan\u00e7ant comentaris o eines similars.<\/span><\/li><li style=\"font-weight: 400;\" aria-level=\"1\"><span style=\"font-weight: 400;\">La introducci\u00f3 de dades err\u00f2nies per part de l&#8217;usuari o d&#8217;un tercer.<\/span><\/li><\/ul><p><span style=\"font-weight: 400;\">ROSER GUIN\u00d3<\/span><span style=\"font-weight: 400;\"> podr\u00e0 suspendre temporalment i sense previ av\u00eds, l&#8217;accessibilitat al lloc web amb motiu d&#8217;operacions de manteniment, reparaci\u00f3, actualitzaci\u00f3 o millora. No obstant aix\u00f2, sempre que les circumst\u00e0ncies ho permetin, <\/span><span style=\"font-weight: 400;\">ROSER GUIN\u00d3<\/span><span style=\"font-weight: 400;\"> comunicar\u00e0 a l&#8217;usuari, amb antelaci\u00f3 suficient, la data prevista per la suspensi\u00f3 dels continguts.<\/span><\/p><p><span style=\"font-weight: 400;\">Igualment, de conformitat amb els arts. 11 i 16 de la Llei 34\/2002, d&#8217;11 de juliol, de serveis de la societat de la informaci\u00f3 i de comer\u00e7 electr\u00f2nic,<\/span><span style=\"font-weight: 400;\"> ROSER GUIN\u00d3<\/span><span style=\"font-weight: 400;\"> es compromet a l&#8217;eliminaci\u00f3 o, en el seu cas, el bloqueig dels continguts que poguessin afectar o ser contraris a la legislaci\u00f3 vigent, els drets de tercers o la moral i ordre p\u00fablic.<\/span><\/p><h3><b>Cookies<\/b><\/h3><p><span style=\"font-weight: 400;\">ROSER GUIN\u00d3 utilitza cookies, a l&#8217;efecte d&#8217;optimitzar i personalitzar la seva navegaci\u00f3 pel lloc web. Les cookies s\u00f3n fitxers f\u00edsics d&#8217;informaci\u00f3 que s&#8217;allotgen en el mateix terminal de l&#8217;usuari, la informaci\u00f3 recollida mitjan\u00e7ant les cookies serveix per facilitar la navegaci\u00f3 de l&#8217;usuari pel portal i optimitzar l&#8217;experi\u00e8ncia de navegaci\u00f3. Les dades recopilades mitjan\u00e7ant les cookies poden ser compartides amb els creadors d&#8217;aquestes, per\u00f2 en cap cas la informaci\u00f3 obtinguda per les mateixes ser\u00e0 associada a dades personals ni a dades que poden identificar a l&#8217;usuari.<\/span><\/p><p><span style=\"font-weight: 400;\">No obstant aix\u00f2, si l&#8217;usuari no desitja que s&#8217;instal\u00b7lin cookies en el seu disc dur, t\u00e9 la possibilitat de configurar el navegador de tal manera que impedeixi la instal\u00b7laci\u00f3 d&#8217;aquests arxius. Per obtenir m\u00e9s informaci\u00f3 consulti la nostra <a title=\"Pol\u00edtica de Cookies Roser Guin\u00f3\" href=\"https:\/\/roserguino.com\/index.php\/politica-de-cookies-roser-guino\/\" target=\"_blank\" rel=\"noopener\">Pol\u00edtica de Cookies<\/a>.<\/span><\/p>\t\t\t\t\t\t\t\t<\/div>\n\t\t\t\t<\/div>\n\t\t\t\t\t<\/div>\n\t\t<\/div>\n\t\t\t\t\t<\/div>\n\t\t<\/section>\n\t\t\t\t<\/div>\n\t\t","protected":false},"excerpt":{"rendered":"<p>Avis Legal Roser Guin\u00f3 Actualitzat l&#8217;abril del 2023 En compliment amb el deure d&#8217;informaci\u00f3 recollit a l&#8217;article 10 de la <a class=\"tzreadmore simple-ajax-popup-align-top\" href=\"https:\/\/roserguino.com\/index.php\/avis-legal-roser-guino\/\">Read More<\/a><\/p>\n","protected":false},"author":1,"featured_media":4787,"parent":0,"menu_order":0,"comment_status":"closed","ping_status":"closed","template":"","meta":{"footnotes":""},"class_list":["post-12","page","type-page","status-publish","has-post-thumbnail","hentry"],"aioseo_notices":[],"_links":{"self":[{"href":"https:\/\/roserguino.com\/index.php\/wp-json\/wp\/v2\/pages\/12","targetHints":{"allow":["GET"]}}],"collection":[{"href":"https:\/\/roserguino.com\/index.php\/wp-json\/wp\/v2\/pages"}],"about":[{"href":"https:\/\/roserguino.com\/index.php\/wp-json\/wp\/v2\/types\/page"}],"author":[{"embeddable":true,"href":"https:\/\/roserguino.com\/index.php\/wp-json\/wp\/v2\/users\/1"}],"replies":[{"embeddable":true,"href":"https:\/\/roserguino.com\/index.php\/wp-json\/wp\/v2\/comments?post=12"}],"version-history":[{"count":19,"href":"https:\/\/roserguino.com\/index.php\/wp-json\/wp\/v2\/pages\/12\/revisions"}],"predecessor-version":[{"id":6413,"href":"https:\/\/roserguino.com\/index.php\/wp-json\/wp\/v2\/pages\/12\/revisions\/6413"}],"wp:featuredmedia":[{"embeddable":true,"href":"https:\/\/roserguino.com\/index.php\/wp-json\/wp\/v2\/media\/4787"}],"wp:attachment":[{"href":"https:\/\/roserguino.com\/index.php\/wp-json\/wp\/v2\/media?parent=12"}],"curies":[{"name":"wp","href":"https:\/\/api.w.org\/{rel}","templated":true}]}}